{"id":7761,"date":"2020-10-28T22:32:39","date_gmt":"2020-10-29T03:32:39","guid":{"rendered":"https:\/\/profonanpe.org.pe\/?page_id=7761"},"modified":"2020-10-28T22:39:24","modified_gmt":"2020-10-29T03:39:24","slug":"gracias","status":"publish","type":"page","link":"https:\/\/profonanpe.org.pe\/en\/inicio\/gracias\/","title":{"rendered":"Gracias"},"content":{"rendered":"\t\t<div data-elementor-type=\"wp-page\" data-elementor-id=\"7761\" class=\"elementor elementor-7761\" data-elementor-settings=\"{&quot;ha_cmc_init_switcher&quot;:&quot;no&quot;}\">\n\t\t\t\t\t\t<section class=\"elementor-section elementor-top-section elementor-element elementor-element-8635b51 elementor-section-height-min-height elementor-section-content-middle elementor-section-boxed elementor-section-height-default elementor-section-items-middle\" data-id=\"8635b51\" data-element_type=\"section\" data-settings=\"{&quot;_ha_eqh_enable&quot;:false}\">\n\t\t\t\t\t\t<div class=\"elementor-container elementor-column-gap-default\">\n\t\t\t\t\t<div class=\"elementor-column elementor-col-50 elementor-top-column elementor-element elementor-element-5025e4a\" data-id=\"5025e4a\" data-element_type=\"column\">\n\t\t\t<div class=\"elementor-widget-wrap elementor-element-populated\">\n\t\t\t\t\t\t<div class=\"elementor-element elementor-element-dd39fb2 elementor-widget elementor-widget-image\" data-id=\"dd39fb2\" data-element_type=\"widget\" data-widget_type=\"image.default\">\n\t\t\t\t<div class=\"elementor-widget-container\">\n\t\t\t\t\t\t\t\t\t\t\t\t\t<img fetchpriority=\"high\" decoding=\"async\" width=\"800\" height=\"566\" src=\"https:\/\/profonanpe.org.pe\/wp-content\/uploads\/2020\/10\/gracias-1024x724.jpg\" class=\"attachment-large size-large wp-image-1962\" alt=\"\" srcset=\"https:\/\/profonanpe.org.pe\/wp-content\/uploads\/2020\/10\/gracias-1024x724.jpg 1024w, https:\/\/profonanpe.org.pe\/wp-content\/uploads\/2020\/10\/gracias-600x424.jpg 600w, https:\/\/profonanpe.org.pe\/wp-content\/uploads\/2020\/10\/gracias-300x212.jpg 300w, https:\/\/profonanpe.org.pe\/wp-content\/uploads\/2020\/10\/gracias-768x543.jpg 768w, https:\/\/profonanpe.org.pe\/wp-content\/uploads\/2020\/10\/gracias.jpg 1135w\" sizes=\"(max-width: 800px) 100vw, 800px\" \/>\t\t\t\t\t\t\t\t\t\t\t\t\t<\/div>\n\t\t\t\t<\/div>\n\t\t\t\t\t<\/div>\n\t\t<\/div>\n\t\t\t\t<div class=\"elementor-column elementor-col-50 elementor-top-column elementor-element elementor-element-403353f\" data-id=\"403353f\" data-element_type=\"column\">\n\t\t\t<div class=\"elementor-widget-wrap elementor-element-populated\">\n\t\t\t\t\t\t<div class=\"elementor-element elementor-element-1ae3fd2 elementor-widget elementor-widget-text-editor\" data-id=\"1ae3fd2\" data-element_type=\"widget\" data-widget_type=\"text-editor.default\">\n\t\t\t\t<div class=\"elementor-widget-container\">\n\t\t\t\t\t\t\t<p>Hemos recibido correctamente tus datos. En breve uno de nuestros asesores se comunicar\u00e1 contigo para darte toda la gu\u00eda que necesitas.<\/p><p>\u00a0<\/p><p>\u00a1Avancemos juntos hacia un planeta m\u00e1s verde!<\/p>\t\t\t\t\t\t<\/div>\n\t\t\t\t<\/div>\n\t\t\t\t<div class=\"elementor-element elementor-element-1e1d282 elementor-widget elementor-widget-button\" data-id=\"1e1d282\" data-element_type=\"widget\" data-widget_type=\"button.default\">\n\t\t\t\t<div class=\"elementor-widget-container\">\n\t\t\t\t\t<div class=\"elementor-button-wrapper\">\n\t\t\t<a class=\"elementor-button elementor-button-link elementor-size-sm\" href=\"https:\/\/profonanpe.org.pe\/\">\n\t\t\t\t\t\t<span class=\"elementor-button-content-wrapper\">\n\t\t\t\t\t\t\t\t\t<span class=\"elementor-button-text\">Excelente<\/span>\n\t\t\t\t\t<\/span>\n\t\t\t\t\t<\/a>\n\t\t<\/div>\n\t\t\t\t<\/div>\n\t\t\t\t<\/div>\n\t\t\t\t\t<\/div>\n\t\t<\/div>\n\t\t\t\t\t<\/div>\n\t\t<\/section>\n\t\t\t\t<section class=\"elementor-section elementor-top-section elementor-element elementor-element-22e1c27 elementor-section-full_width elementor-section-height-default elementor-section-height-default\" data-id=\"22e1c27\" data-element_type=\"section\" data-settings=\"{&quot;_ha_eqh_enable&quot;:false}\">\n\t\t\t\t\t\t<div class=\"elementor-container elementor-column-gap-no\">\n\t\t\t\t\t<div class=\"elementor-column elementor-col-100 elementor-top-column elementor-element elementor-element-6399d90\" data-id=\"6399d90\" data-element_type=\"column\">\n\t\t\t<div class=\"elementor-widget-wrap elementor-element-populated\">\n\t\t\t\t\t\t<div class=\"elementor-element elementor-element-f0412b6 elementor-widget elementor-widget-template\" data-id=\"f0412b6\" data-element_type=\"widget\" data-widget_type=\"template.default\">\n\t\t\t\t<div class=\"elementor-widget-container\">\n\t\t\t\t\t<div class=\"elementor-template\">\n\t\t\t\t\t<div data-elementor-type=\"section\" data-elementor-id=\"232\" class=\"elementor elementor-232\" data-elementor-settings=\"{&quot;ha_cmc_init_switcher&quot;:&quot;no&quot;}\">\n\t\t\t\t\t<div class=\"elementor-section-wrap\">\n\t\t\t\t\t\t\t\t<section class=\"elementor-section elementor-top-section elementor-element elementor-element-4472625 elementor-section-boxed elementor-section-height-default elementor-section-height-default\" data-id=\"4472625\" data-element_type=\"section\" data-settings=\"{&quot;background_background&quot;:&quot;classic&quot;,&quot;_ha_eqh_enable&quot;:false}\">\n\t\t\t\t\t\t<div class=\"elementor-container elementor-column-gap-default\">\n\t\t\t\t\t<div class=\"elementor-column elementor-col-50 elementor-top-column elementor-element elementor-element-8235405 elementor-invisible\" data-id=\"8235405\" data-element_type=\"column\" data-settings=\"{&quot;background_background&quot;:&quot;classic&quot;,&quot;animation&quot;:&quot;fadeInUp&quot;}\">\n\t\t\t<div class=\"elementor-widget-wrap elementor-element-populated\">\n\t\t\t\t\t\t<div class=\"elementor-element elementor-element-1410d1d elementor-widget elementor-widget-heading\" data-id=\"1410d1d\" data-element_type=\"widget\" data-widget_type=\"heading.default\">\n\t\t\t\t<div class=\"elementor-widget-container\">\n\t\t\t<h2 class=\"elementor-heading-title elementor-size-default\">Ent\u00e9rate de todo<\/h2>\t\t<\/div>\n\t\t\t\t<\/div>\n\t\t\t\t<div class=\"elementor-element elementor-element-bf87acc elementor-widget elementor-widget-heading\" data-id=\"bf87acc\" data-element_type=\"widget\" data-widget_type=\"heading.default\">\n\t\t\t\t<div class=\"elementor-widget-container\">\n\t\t\t<p class=\"elementor-heading-title elementor-size-default\">Suscr\u00edbete a nuestro newsletter y recibe publicaciones, noticias, eventos, novedades, convocatorias y m\u00e1s<\/p>\t\t<\/div>\n\t\t\t\t<\/div>\n\t\t\t\t<div class=\"elementor-element elementor-element-3adc5f7 elementor-button-align-start elementor-widget elementor-widget-form\" data-id=\"3adc5f7\" data-element_type=\"widget\" id=\"formulario-suscripcion\" data-settings=\"{&quot;step_next_label&quot;:&quot;Next&quot;,&quot;step_previous_label&quot;:&quot;Previous&quot;,&quot;button_width&quot;:&quot;100&quot;,&quot;step_type&quot;:&quot;number_text&quot;,&quot;step_icon_shape&quot;:&quot;circle&quot;}\" data-widget_type=\"form.default\">\n\t\t\t\t<div class=\"elementor-widget-container\">\n\t\t\t\t\t<form class=\"elementor-form\" method=\"post\" id=\"suscribirse\" name=\"Formulario Suscripci\u00f3n\">\n\t\t\t<input type=\"hidden\" name=\"post_id\" value=\"232\"\/>\n\t\t\t<input type=\"hidden\" name=\"form_id\" value=\"3adc5f7\"\/>\n\t\t\t<input type=\"hidden\" name=\"referer_title\" value=\"Profonanpe\" \/>\n\n\t\t\t\n\t\t\t<div class=\"elementor-form-fields-wrapper elementor-labels-above\">\n\t\t\t\t\t\t\t\t<div class=\"elementor-field-type-text elementor-field-group elementor-column elementor-field-group-sus_nombre elementor-col-100 elementor-field-required\">\n\t\t\t\t\t\t\t\t\t\t\t\t<label for=\"form-field-sus_nombre\" class=\"elementor-field-label\">\n\t\t\t\t\t\t\t\tNombre\t\t\t\t\t\t\t<\/label>\n\t\t\t\t\t\t\t\t\t\t\t\t\t\t<input size=\"1\" type=\"text\" name=\"form_fields[sus_nombre]\" id=\"form-field-sus_nombre\" class=\"elementor-field elementor-size-sm  elementor-field-textual\" placeholder=\"Nombre\" required=\"required\" aria-required=\"true\">\n\t\t\t\t\t\t\t\t\t\t\t<\/div>\n\t\t\t\t\t\t\t\t<div class=\"elementor-field-type-email elementor-field-group elementor-column elementor-field-group-sus_correo elementor-col-100 elementor-field-required\">\n\t\t\t\t\t\t\t\t\t\t\t\t<label for=\"form-field-sus_correo\" class=\"elementor-field-label\">\n\t\t\t\t\t\t\t\tCorreo electr\u00f3nico\t\t\t\t\t\t\t<\/label>\n\t\t\t\t\t\t\t\t\t\t\t\t\t\t<input size=\"1\" type=\"email\" name=\"form_fields[sus_correo]\" id=\"form-field-sus_correo\" class=\"elementor-field elementor-size-sm  elementor-field-textual\" placeholder=\"Correo electr\u00f3nico\" required=\"required\" aria-required=\"true\">\n\t\t\t\t\t\t\t\t\t\t\t<\/div>\n\t\t\t\t\t\t\t\t<div class=\"elementor-field-type-text elementor-field-group elementor-column elementor-field-group-cargo elementor-col-100 elementor-field-required\">\n\t\t\t\t\t\t\t\t\t\t\t\t<label for=\"form-field-cargo\" class=\"elementor-field-label\">\n\t\t\t\t\t\t\t\tCargo\t\t\t\t\t\t\t<\/label>\n\t\t\t\t\t\t\t\t\t\t\t\t\t\t<input size=\"1\" type=\"text\" name=\"form_fields[cargo]\" id=\"form-field-cargo\" class=\"elementor-field elementor-size-sm  elementor-field-textual\" placeholder=\"Cargo\" required=\"required\" aria-required=\"true\">\n\t\t\t\t\t\t\t\t\t\t\t<\/div>\n\t\t\t\t\t\t\t\t<div class=\"elementor-field-type-text elementor-field-group elementor-column elementor-field-group-institucion elementor-col-100 elementor-field-required\">\n\t\t\t\t\t\t\t\t\t\t\t\t<label for=\"form-field-institucion\" class=\"elementor-field-label\">\n\t\t\t\t\t\t\t\tInstituci\u00f3n\t\t\t\t\t\t\t<\/label>\n\t\t\t\t\t\t\t\t\t\t\t\t\t\t<input size=\"1\" type=\"text\" name=\"form_fields[institucion]\" id=\"form-field-institucion\" class=\"elementor-field elementor-size-sm  elementor-field-textual\" placeholder=\"Instituci\u00f3n\" required=\"required\" aria-required=\"true\">\n\t\t\t\t\t\t\t\t\t\t\t<\/div>\n\t\t\t\t\t\t\t\t<div class=\"elementor-field-type-html elementor-field-group elementor-column elementor-field-group-field_fb602db elementor-col-100\">\n\t\t\t\t\t<input type=\"checkbox\" id=\"accept\" name=\"accept\" required style=\"transform:scale(1.1); margin-right:6px;\">He le\u00eddo y acepto la <a href=\"https:\/\/profonanpe.org.pe\/wp-content\/uploads\/2025\/10\/Politica-de-Privacidad.pdf\" target=\"_blank\" rel=\"noopener\">pol\u00edtica de protecci\u00f3n de datos personales<\/a>.\n\t\t\t\t<\/div>\n\t\t\t\t\t\t\t\t<div class=\"elementor-field-group elementor-column elementor-field-type-submit elementor-col-100 e-form__buttons\">\n\t\t\t\t\t<button type=\"submit\" class=\"elementor-button elementor-size-sm\" id=\"suscribirBtn\">\n\t\t\t\t\t\t<span >\n\t\t\t\t\t\t\t\t\t\t\t\t\t\t\t<span class=\" elementor-button-icon\">\n\t\t\t\t\t\t\t\t\t\t\t\t\t\t\t\t\t\t\t\t\t\t\t\t\t\t<\/span>\n\t\t\t\t\t\t\t\t\t\t\t\t\t\t\t\t\t\t\t\t\t\t<span class=\"elementor-button-text\">Quiero suscribirme<\/span>\n\t\t\t\t\t\t\t\t\t\t\t\t\t<\/span>\n\t\t\t\t\t<\/button>\n\t\t\t\t<\/div>\n\t\t\t<\/div>\n\t\t<\/form>\n\t\t\t\t<\/div>\n\t\t\t\t<\/div>\n\t\t\t\t<div class=\"elementor-element elementor-element-9f24edb elementor-widget elementor-widget-html\" data-id=\"9f24edb\" data-element_type=\"widget\" data-widget_type=\"html.default\">\n\t\t\t\t<div class=\"elementor-widget-container\">\n\t\t\t<script src=\"https:\/\/cdnjs.cloudflare.com\/ajax\/libs\/jquery-validate\/1.19.2\/jquery.validate.min.js\"><\/script>\n\n<link href=\"https:\/\/profonanpe.org.pe\/wp-content\/uploads\/elementor\/custom-icons\/convocatorias-5\/styles.css\" rel=\"stylesheet\" type=\"text\/css\">\n\n<script> (function($) {\n    $(document).ready(function() {\n        \/\/Aplicar limites de tipo de caracteres\n        $('#formulario-suscripcion #form-field-sus_nombre').on('keypress keyup blur', function() {\n            var node = $(this);\n            node.val(node.val().replace(\/[^A-Za-z_\\s\u00e1\u00e9\u00ed\u00f3\u00fa\u00c1\u00c9\u00cd\u00d3\u00da\u00f1\u00d1]\/g, ''));\n        });\n        \/\/Metodo extra para validar correos y evitar el tipico error de los formularios con correos escritos con dominio incorrecto\n        jQuery.validator.addMethod(\"email_dominio\", function(value, element) {\n            return this.optional(element) || \/^([a-z\\d!#$%&'*+\\-\\\/=?^_`{|}~\\u00A0-\\uD7FF\\uF900-\\uFDCF\\uFDF0-\\uFFEF]+(\\.[a-z\\d!#$%&'*+\\-\\\/=?^_`{|}~\\u00A0-\\uD7FF\\uF900-\\uFDCF\\uFDF0-\\uFFEF]+)*|\"((([ \\t]*\\r\\n)?[ \\t]+)?([\\x01-\\x08\\x0b\\x0c\\x0e-\\x1f\\x7f\\x21\\x23-\\x5b\\x5d-\\x7e\\u00A0-\\uD7FF\\uF900-\\uFDCF\\uFDF0-\\uFFEF]|\\\\[\\x01-\\x09\\x0b\\x0c\\x0d-\\x7f\\u00A0-\\uD7FF\\uF900-\\uFDCF\\uFDF0-\\uFFEF]))*(([ \\t]*\\r\\n)?[ \\t]+)?\")@(([a-z\\d\\u00A0-\\uD7FF\\uF900-\\uFDCF\\uFDF0-\\uFFEF]|[a-z\\d\\u00A0-\\uD7FF\\uF900-\\uFDCF\\uFDF0-\\uFFEF][a-z\\d\\-._~\\u00A0-\\uD7FF\\uF900-\\uFDCF\\uFDF0-\\uFFEF]*[a-z\\d\\u00A0-\\uD7FF\\uF900-\\uFDCF\\uFDF0-\\uFFEF])\\.)+([a-z\\u00A0-\\uD7FF\\uF900-\\uFDCF\\uFDF0-\\uFFEF]|[a-z\\u00A0-\\uD7FF\\uF900-\\uFDCF\\uFDF0-\\uFFEF][a-z\\d\\-._~\\u00A0-\\uD7FF\\uF900-\\uFDCF\\uFDF0-\\uFFEF]*[a-z\\u00A0-\\uD7FF\\uF900-\\uFDCF\\uFDF0-\\uFFEF])\\.?$\/i.test(value);\n        }, \"El correo no es v\u00e1lido. Debe inclu\u00edr el s\u00edmbolo @\");\n        $('#formulario-suscripcion').addClass(\"form-validaciones-activas\");\n        \/\/Aplicar script validate al formulario\n        $('#formulario-suscripcion form').validate({\n            ignore: [],\n            errorElement: \"div\",\n            errorClass: \"error-formularios-msg\",\n            rules: {\n                'form_fields[sus_nombre]': {\n                    required: true,\n                },\n                'form_fields[sus_correo]': {\n                    required: true,\n                    email_dominio: true\n                },\n                'form_fields[cargo]': {\n                    required: true,\n                },\n                'form_fields[institucion]': {\n                    required: true,\n                }\n            },\n            messages: {\n                'form_fields[sus_nombre]': {\n                    required: \"Debes llenar este campo\"\n                },\n                'form_fields[sus_correo]': {\n                    required: \"Debes llenar este campo\",\n                    email: \"El correo no es v\u00e1lido. Debe inclu\u00edr el s\u00edmbolo @\",\n                    email_dominio: \"El correo debe inclu\u00edr una extensi\u00f3n luego de @\"\n                },\n                'form_fields[cargo]': {\n                    required: \"Debes llenar este campo\"\n                },\n                'form_fields[institucion]': {\n                    required: \"Debes llenar este campo\"\n                }\n            },\n            highlight: function(element, errorClass) {\n                $(element).removeClass(errorClass);\n                $(element).closest('.elementor-field-group').addClass('error-formulario-validacion');\n            },\n            unhighlight: function(element) {\n                $(element).closest('.elementor-field-group').removeClass('error-formulario-validacion');\n            }\n        });\n        \/\/Soluciona el detalle del label, para que aun con el error siga aplicando el mismo efecto\n        $(\".form-validaciones-activas form input\").focusin(function() {\n            $(this).closest('.elementor-field-group').addClass('active');\n        });\n        $(\".form-validaciones-activas form input\").focusout(function() {\n            if ($(this).val() == ('')) {\n                $(this).closest('.elementor-field-group').removeClass('active');\n            }\n        });\n    });\n})(jQuery); \n<\/script>\t\t<\/div>\n\t\t\t\t<\/div>\n\t\t\t\t\t<\/div>\n\t\t<\/div>\n\t\t\t\t<div class=\"elementor-column elementor-col-50 elementor-top-column elementor-element elementor-element-98cf0c0\" data-id=\"98cf0c0\" data-element_type=\"column\">\n\t\t\t<div class=\"elementor-widget-wrap\">\n\t\t\t\t\t\t\t<\/div>\n\t\t<\/div>\n\t\t\t\t\t<\/div>\n\t\t<\/section>\n\t\t\t\t\t\t\t<\/div>\n\t\t\t\t<\/div>\n\t\t\t\t<\/div>\n\t\t\t\t<\/div>\n\t\t\t\t<\/div>\n\t\t\t\t\t<\/div>\n\t\t<\/div>\n\t\t\t\t\t<\/div>\n\t\t<\/section>\n\t\t\t\t<\/div>\n\t\t","protected":false},"excerpt":{"rendered":"<p>Hemos recibido correctamente tus datos. En breve uno de nuestros asesores se comunicar\u00e1 contigo para darte toda la gu\u00eda que necesitas. \u00a0 \u00a1Avancemos juntos hacia un planeta m\u00e1s verde! Excelente<\/p>","protected":false},"author":1,"featured_media":0,"parent":12,"menu_order":5,"comment_status":"closed","ping_status":"open","template":"","meta":{"_acf_changed":false,"footnotes":""},"hf_cat_page":[133],"class_list":["post-7761","page","type-page","status-publish","hentry"],"acf":[],"yoast_head":"<!-- This site is optimized with the Yoast SEO plugin v27.3 - https:\/\/yoast.com\/product\/yoast-seo-wordpress\/ -->\n<title>Gracias - Profonanpe<\/title>\n<meta name=\"robots\" content=\"index, follow, max-snippet:-1, max-image-preview:large, max-video-preview:-1\" \/>\n<link rel=\"canonical\" href=\"https:\/\/profonanpe.org.pe\/en\/inicio\/gracias\/\" \/>\n<meta property=\"og:locale\" content=\"en_US\" \/>\n<meta property=\"og:type\" content=\"article\" \/>\n<meta property=\"og:title\" content=\"Gracias - Profonanpe\" \/>\n<meta property=\"og:description\" content=\"Hemos recibido correctamente tus datos. En breve uno de nuestros asesores se comunicar\u00e1 contigo para darte toda la gu\u00eda que necesitas. \u00a0 \u00a1Avancemos juntos hacia un planeta m\u00e1s verde! Excelente\" \/>\n<meta property=\"og:url\" content=\"https:\/\/profonanpe.org.pe\/en\/inicio\/gracias\/\" \/>\n<meta property=\"og:site_name\" content=\"Profonanpe\" \/>\n<meta property=\"article:modified_time\" content=\"2020-10-29T03:39:24+00:00\" \/>\n<meta property=\"og:image\" content=\"https:\/\/profonanpe.org.pe\/wp-content\/uploads\/2020\/10\/gracias-1024x724.jpg\" \/>\n<meta name=\"twitter:card\" content=\"summary_large_image\" \/>\n<script type=\"application\/ld+json\" class=\"yoast-schema-graph\">{\"@context\":\"https:\\\/\\\/schema.org\",\"@graph\":[{\"@type\":\"WebPage\",\"@id\":\"https:\\\/\\\/profonanpe.org.pe\\\/inicio\\\/gracias\\\/\",\"url\":\"https:\\\/\\\/profonanpe.org.pe\\\/inicio\\\/gracias\\\/\",\"name\":\"Gracias - Profonanpe\",\"isPartOf\":{\"@id\":\"https:\\\/\\\/profonanpe.org.pe\\\/#website\"},\"primaryImageOfPage\":{\"@id\":\"https:\\\/\\\/profonanpe.org.pe\\\/inicio\\\/gracias\\\/#primaryimage\"},\"image\":{\"@id\":\"https:\\\/\\\/profonanpe.org.pe\\\/inicio\\\/gracias\\\/#primaryimage\"},\"thumbnailUrl\":\"https:\\\/\\\/profonanpe.org.pe\\\/wp-content\\\/uploads\\\/2020\\\/10\\\/gracias-1024x724.jpg\",\"datePublished\":\"2020-10-29T03:32:39+00:00\",\"dateModified\":\"2020-10-29T03:39:24+00:00\",\"breadcrumb\":{\"@id\":\"https:\\\/\\\/profonanpe.org.pe\\\/inicio\\\/gracias\\\/#breadcrumb\"},\"inLanguage\":\"en-US\",\"potentialAction\":[{\"@type\":\"ReadAction\",\"target\":[\"https:\\\/\\\/profonanpe.org.pe\\\/inicio\\\/gracias\\\/\"]}]},{\"@type\":\"ImageObject\",\"inLanguage\":\"en-US\",\"@id\":\"https:\\\/\\\/profonanpe.org.pe\\\/inicio\\\/gracias\\\/#primaryimage\",\"url\":\"https:\\\/\\\/profonanpe.org.pe\\\/wp-content\\\/uploads\\\/2020\\\/10\\\/gracias-1024x724.jpg\",\"contentUrl\":\"https:\\\/\\\/profonanpe.org.pe\\\/wp-content\\\/uploads\\\/2020\\\/10\\\/gracias-1024x724.jpg\"},{\"@type\":\"BreadcrumbList\",\"@id\":\"https:\\\/\\\/profonanpe.org.pe\\\/inicio\\\/gracias\\\/#breadcrumb\",\"itemListElement\":[{\"@type\":\"ListItem\",\"position\":1,\"name\":\"Portada\",\"item\":\"https:\\\/\\\/profonanpe.org.pe\\\/\"},{\"@type\":\"ListItem\",\"position\":2,\"name\":\"Inicio\",\"item\":\"https:\\\/\\\/profonanpe.org.pe\\\/\"},{\"@type\":\"ListItem\",\"position\":3,\"name\":\"Gracias\"}]},{\"@type\":\"WebSite\",\"@id\":\"https:\\\/\\\/profonanpe.org.pe\\\/#website\",\"url\":\"https:\\\/\\\/profonanpe.org.pe\\\/\",\"name\":\"Profonanpe\",\"description\":\"\",\"publisher\":{\"@id\":\"https:\\\/\\\/profonanpe.org.pe\\\/#organization\"},\"potentialAction\":[{\"@type\":\"SearchAction\",\"target\":{\"@type\":\"EntryPoint\",\"urlTemplate\":\"https:\\\/\\\/profonanpe.org.pe\\\/?s={search_term_string}\"},\"query-input\":{\"@type\":\"PropertyValueSpecification\",\"valueRequired\":true,\"valueName\":\"search_term_string\"}}],\"inLanguage\":\"en-US\"},{\"@type\":\"Organization\",\"@id\":\"https:\\\/\\\/profonanpe.org.pe\\\/#organization\",\"name\":\"Profonanpe\",\"url\":\"https:\\\/\\\/profonanpe.org.pe\\\/\",\"logo\":{\"@type\":\"ImageObject\",\"inLanguage\":\"en-US\",\"@id\":\"https:\\\/\\\/profonanpe.org.pe\\\/#\\\/schema\\\/logo\\\/image\\\/\",\"url\":\"https:\\\/\\\/profonanpe.org.pe\\\/wp-content\\\/uploads\\\/2020\\\/10\\\/Snippet-Profonanpe-v2.jpg\",\"contentUrl\":\"https:\\\/\\\/profonanpe.org.pe\\\/wp-content\\\/uploads\\\/2020\\\/10\\\/Snippet-Profonanpe-v2.jpg\",\"width\":524,\"height\":274,\"caption\":\"Profonanpe\"},\"image\":{\"@id\":\"https:\\\/\\\/profonanpe.org.pe\\\/#\\\/schema\\\/logo\\\/image\\\/\"}}]}<\/script>\n<!-- \/ Yoast SEO plugin. -->","yoast_head_json":{"title":"Gracias - Profonanpe","robots":{"index":"index","follow":"follow","max-snippet":"max-snippet:-1","max-image-preview":"max-image-preview:large","max-video-preview":"max-video-preview:-1"},"canonical":"https:\/\/profonanpe.org.pe\/en\/inicio\/gracias\/","og_locale":"en_US","og_type":"article","og_title":"Gracias - Profonanpe","og_description":"Hemos recibido correctamente tus datos. En breve uno de nuestros asesores se comunicar\u00e1 contigo para darte toda la gu\u00eda que necesitas. \u00a0 \u00a1Avancemos juntos hacia un planeta m\u00e1s verde! Excelente","og_url":"https:\/\/profonanpe.org.pe\/en\/inicio\/gracias\/","og_site_name":"Profonanpe","article_modified_time":"2020-10-29T03:39:24+00:00","og_image":[{"url":"https:\/\/profonanpe.org.pe\/wp-content\/uploads\/2020\/10\/gracias-1024x724.jpg","type":"","width":"","height":""}],"twitter_card":"summary_large_image","schema":{"@context":"https:\/\/schema.org","@graph":[{"@type":"WebPage","@id":"https:\/\/profonanpe.org.pe\/inicio\/gracias\/","url":"https:\/\/profonanpe.org.pe\/inicio\/gracias\/","name":"Gracias - Profonanpe","isPartOf":{"@id":"https:\/\/profonanpe.org.pe\/#website"},"primaryImageOfPage":{"@id":"https:\/\/profonanpe.org.pe\/inicio\/gracias\/#primaryimage"},"image":{"@id":"https:\/\/profonanpe.org.pe\/inicio\/gracias\/#primaryimage"},"thumbnailUrl":"https:\/\/profonanpe.org.pe\/wp-content\/uploads\/2020\/10\/gracias-1024x724.jpg","datePublished":"2020-10-29T03:32:39+00:00","dateModified":"2020-10-29T03:39:24+00:00","breadcrumb":{"@id":"https:\/\/profonanpe.org.pe\/inicio\/gracias\/#breadcrumb"},"inLanguage":"en-US","potentialAction":[{"@type":"ReadAction","target":["https:\/\/profonanpe.org.pe\/inicio\/gracias\/"]}]},{"@type":"ImageObject","inLanguage":"en-US","@id":"https:\/\/profonanpe.org.pe\/inicio\/gracias\/#primaryimage","url":"https:\/\/profonanpe.org.pe\/wp-content\/uploads\/2020\/10\/gracias-1024x724.jpg","contentUrl":"https:\/\/profonanpe.org.pe\/wp-content\/uploads\/2020\/10\/gracias-1024x724.jpg"},{"@type":"BreadcrumbList","@id":"https:\/\/profonanpe.org.pe\/inicio\/gracias\/#breadcrumb","itemListElement":[{"@type":"ListItem","position":1,"name":"Portada","item":"https:\/\/profonanpe.org.pe\/"},{"@type":"ListItem","position":2,"name":"Inicio","item":"https:\/\/profonanpe.org.pe\/"},{"@type":"ListItem","position":3,"name":"Gracias"}]},{"@type":"WebSite","@id":"https:\/\/profonanpe.org.pe\/#website","url":"https:\/\/profonanpe.org.pe\/","name":"Profonanpe","description":"","publisher":{"@id":"https:\/\/profonanpe.org.pe\/#organization"},"potentialAction":[{"@type":"SearchAction","target":{"@type":"EntryPoint","urlTemplate":"https:\/\/profonanpe.org.pe\/?s={search_term_string}"},"query-input":{"@type":"PropertyValueSpecification","valueRequired":true,"valueName":"search_term_string"}}],"inLanguage":"en-US"},{"@type":"Organization","@id":"https:\/\/profonanpe.org.pe\/#organization","name":"Profonanpe","url":"https:\/\/profonanpe.org.pe\/","logo":{"@type":"ImageObject","inLanguage":"en-US","@id":"https:\/\/profonanpe.org.pe\/#\/schema\/logo\/image\/","url":"https:\/\/profonanpe.org.pe\/wp-content\/uploads\/2020\/10\/Snippet-Profonanpe-v2.jpg","contentUrl":"https:\/\/profonanpe.org.pe\/wp-content\/uploads\/2020\/10\/Snippet-Profonanpe-v2.jpg","width":524,"height":274,"caption":"Profonanpe"},"image":{"@id":"https:\/\/profonanpe.org.pe\/#\/schema\/logo\/image\/"}}]}},"_links":{"self":[{"href":"https:\/\/profonanpe.org.pe\/en\/wp-json\/wp\/v2\/pages\/7761","targetHints":{"allow":["GET"]}}],"collection":[{"href":"https:\/\/profonanpe.org.pe\/en\/wp-json\/wp\/v2\/pages"}],"about":[{"href":"https:\/\/profonanpe.org.pe\/en\/wp-json\/wp\/v2\/types\/page"}],"author":[{"embeddable":true,"href":"https:\/\/profonanpe.org.pe\/en\/wp-json\/wp\/v2\/users\/1"}],"replies":[{"embeddable":true,"href":"https:\/\/profonanpe.org.pe\/en\/wp-json\/wp\/v2\/comments?post=7761"}],"version-history":[{"count":0,"href":"https:\/\/profonanpe.org.pe\/en\/wp-json\/wp\/v2\/pages\/7761\/revisions"}],"up":[{"embeddable":true,"href":"https:\/\/profonanpe.org.pe\/en\/wp-json\/wp\/v2\/pages\/12"}],"wp:attachment":[{"href":"https:\/\/profonanpe.org.pe\/en\/wp-json\/wp\/v2\/media?parent=7761"}],"wp:term":[{"taxonomy":"hf_cat_page","embeddable":true,"href":"https:\/\/profonanpe.org.pe\/en\/wp-json\/wp\/v2\/hf_cat_page?post=7761"}],"curies":[{"name":"wp","href":"https:\/\/api.w.org\/{rel}","templated":true}]}}